{"id":1662,"date":"2016-01-07T16:56:07","date_gmt":"2016-01-07T16:56:07","guid":{"rendered":"http:\/\/textocon.com\/wp\/?page_id=1662"},"modified":"2022-05-01T16:13:07","modified_gmt":"2022-05-01T16:13:07","slug":"portfolio3","status":"publish","type":"page","link":"https:\/\/textocon.com\/?page_id=1662","title":{"rendered":"Portfolio"},"content":{"rendered":"<div  class=\"ui--tagline-box-wrapper ui--animation clearfix\"><div  id=\"tagline-1\" class=\"ui--tagline-box ui-row clearfix ui--tagline-box-custom-color radius-3px\" data-responsive=\"{&quot;css&quot;:{&quot;min-height&quot;:{&quot;phone&quot;:&quot;auto&quot;,&quot;tablet&quot;:&quot;auto&quot;,&quot;widescreen&quot;:&quot;&quot;}}}\"><div  class=\"ui--tagline-background-container ui--tagline-background-overlay radius-3px\"><\/div><div  class=\"ui--tagline-background-container ui--tagline-background-image radius-3px\"><\/div><div  class=\"ui--tagline-content\"><div class=\"ui-row row\">\n <div   class=\"ui-column span4\"><div class=\"\"><div class=\"ui--image-wrap clearfix text-center ui--block\"><img decoding=\"async\"  id=\"ui--image-1\" class=\"ui--image ui--animation\" src=\"https:\/\/textocon.com\/wp-content\/uploads\/2015\/06\/consult-200x201.png\" alt=\"consult\" title=\"consult\" data-at2x=\"\" width=\"200\"\/><\/div><\/div><\/div> \n\n <div   class=\"ui-column span8\"><div  class=\"ui--animation-in make--fx--fadein-ltr ui--pass clearfix\" data-fx=\"fx--fadein-ltr\" data-delay=\"150\" data-start-delay=\"0\"><div class=\"auto-format ui--animation\"><h3>Consultoria organizacional<\/h3>\n<\/div><div  class=\"ui--divider ui--animation clearfix ui--divider-solid-line\"><\/div><div class=\"auto-format ui--animation\"><p>Estamos capacitados a prestar consultoria em planejamento e execu\u00e7\u00e3o de diagn\u00f3sticos sobre o ambiente interno das organiza\u00e7\u00f5es, com foco em desvios e desconformidades institucionais que impactam seus resultados.<\/p>\n<p>Atuamos em parceria com clientes visando a elabora\u00e7\u00e3o do planejamento de a\u00e7\u00f5es espec\u00edficas ancoradas em cultura organizacional como fator de intera\u00e7\u00e3o, buscando a melhoria das rela\u00e7\u00f5es entre equipes e ganhos de produtividade.<\/p>\n<p>Fazemos an\u00e1lise de cen\u00e1rios e de indicadores socioculturais, de perfis organizacionais e da inser\u00e7\u00e3o social de empresas em seu ambiente de neg\u00f3cios, com vistas a facilitar a integra\u00e7\u00e3o de culturas em caso de fus\u00e3o ou <em>joint venture<\/em>.<\/p>\n<\/div><\/div><\/div> \n\n<\/div> \n<div class=\"auto-format ui--animation\"><\/div><\/div><\/div><div class=\"ui--shadow ui--shadow-type-7  clearfix\"><img decoding=\"async\" src=\"https:\/\/textocon.com\/wp-content\/themes\/envision\/includes\/modules\/module.shadow\/shadows\/shadow-7.png\" alt=\"shadow\" \/><\/div><\/div><div  class=\"ui--divider ui--animation clearfix ui--divider-solid-line\"><\/div><div  class=\"ui--tagline-box-wrapper ui--animation clearfix\"><div  id=\"tagline-2\" class=\"ui--tagline-box ui-row clearfix ui--tagline-box-custom-color radius-3px\" data-responsive=\"{&quot;css&quot;:{&quot;min-height&quot;:{&quot;phone&quot;:&quot;auto&quot;,&quot;tablet&quot;:&quot;auto&quot;,&quot;widescreen&quot;:&quot;&quot;}}}\"><div  class=\"ui--tagline-background-container ui--tagline-background-overlay radius-3px\"><\/div><div  class=\"ui--tagline-background-container ui--tagline-background-image radius-3px\"><\/div><div  class=\"ui--tagline-content\"><div class=\"ui-row row\">\n <div   class=\"ui-column span8\"><div  class=\"ui--animation-in make--fx--fadein-rtl ui--pass clearfix\" data-fx=\"fx--fadein-rtl\" data-delay=\"550\" data-start-delay=\"0\"><h3 id=\"custom-title-h3-1\" class=\"ui--animation \" style=\"\">Cursos & treinamentos <\/h3><div  class=\"ui--divider ui--animation clearfix ui--divider-solid-line\"><\/div><div class=\"auto-format ui--animation\"><p>Planejamos, elaboramos e executamos cursos de apoio \u00e0 gest\u00e3o de pessoas voltados ao desenvolvimento de compet\u00eancias comportamentais, transformando as diferen\u00e7as em fatores de criatividade e melhoria de desempenho.<\/p>\n<p>Estamos capacitados a desenvolver cursos por meio dos quais fornecemos ferramentas te\u00f3ricas e pr\u00e1ticas para que as pessoas identifiquem seus pontos fracos e fortes na intera\u00e7\u00e3o com o outro, visando priorizar o equil\u00edbrio nas rela\u00e7\u00f5es, inclusive de g\u00eanero.<\/p>\n<p>Capacitamos pessoas por meio da difus\u00e3o e refor\u00e7o de boas pr\u00e1ticas de cultura organizacional, de comunica\u00e7\u00e3o interna e de intelig\u00eancia social, com vistas a criar um clima organizacional que facilite a intera\u00e7\u00e3o e a\u00e7\u00f5es colaborativas entre as pessoas.<\/p>\n<\/div><\/div><\/div> \n\n <div   class=\"ui-column span4\"><div class=\"\"><div class=\"ui--image-wrap clearfix text-center ui--block\"><img decoding=\"async\"  id=\"ui--image-2\" class=\"ui--image ui--animation\" src=\"https:\/\/textocon.com\/wp-content\/uploads\/2015\/06\/treinamento2-1-200x201.png\" alt=\"treinamento2-1\" title=\"treinamento2-1\" data-at2x=\"\" width=\"200\"\/><\/div><\/div><\/div> \n\n<\/div> \n<\/div><\/div><div class=\"ui--shadow ui--shadow-type-7  clearfix\"><img decoding=\"async\" src=\"https:\/\/textocon.com\/wp-content\/themes\/envision\/includes\/modules\/module.shadow\/shadows\/shadow-7.png\" alt=\"shadow\" \/><\/div><\/div><div  class=\"ui--divider ui--animation clearfix ui--divider-solid-line\"><\/div><div  class=\"ui--tagline-box-wrapper ui--animation clearfix\"><div  id=\"tagline-3\" class=\"ui--tagline-box ui-row clearfix ui--tagline-box-custom-color radius-3px\" data-responsive=\"{&quot;css&quot;:{&quot;min-height&quot;:{&quot;phone&quot;:&quot;auto&quot;,&quot;tablet&quot;:&quot;auto&quot;,&quot;widescreen&quot;:&quot;&quot;}}}\"><div  class=\"ui--tagline-background-container ui--tagline-background-overlay radius-3px\"><\/div><div  class=\"ui--tagline-background-container ui--tagline-background-image radius-3px\"><\/div><div  class=\"ui--tagline-content\"><div class=\"ui-row row\">\n <div   class=\"ui-column span3\"><div class=\"\"><div class=\"ui--image-wrap clearfix text-center ui--block\"><img decoding=\"async\"  id=\"ui--image-3\" class=\"ui--image ui--animation\" src=\"https:\/\/textocon.com\/wp-content\/uploads\/2015\/06\/publ-200x201.png\" alt=\"publ\" title=\"publ\" data-at2x=\"\" width=\"200\"\/><\/div><\/div><\/div> \n\n <div   class=\"ui-column span9\"><div  class=\"ui--animation-in make--fx--fadein-ltr ui--pass clearfix\" data-fx=\"fx--fadein-ltr\" data-delay=\"550\" data-start-delay=\"0\"><div class=\"auto-format ui--animation\"><h3>Publica\u00e7\u00f5es &#038; livros <\/h3>\n<\/div><div  class=\"ui--divider ui--animation clearfix ui--divider-solid-line\"><\/div><div class=\"auto-format ui--animation\"><p>Produzimos revistas segmentadas e <em>house organs<\/em>, incluindo a defini\u00e7\u00e3o da linha editorial, planejamento e elabora\u00e7\u00e3o de projetos gr\u00e1ficos e editoriais, elabora\u00e7\u00e3o e execu\u00e7\u00e3o de pautas, produ\u00e7\u00e3o de mat\u00e9rias, finaliza\u00e7\u00e3o e edi\u00e7\u00e3o de textos para produ\u00e7\u00e3o editorial e gr\u00e1fica.<\/p>\n<p>Planejamos, desenvolvemos e executamos projetos de livros, contemplando a orienta\u00e7\u00e3o para a escolha do tema, delimita\u00e7\u00e3o da abordagem, planejamento e defini\u00e7\u00e3o da estrutura e produ\u00e7\u00e3o editorial dos textos.<\/p>\n<p>Atuamos em parceria com editoras com larga experi\u00eancia na prepara\u00e7\u00e3o e revis\u00e3o de textos para edi\u00e7\u00e3o, cria\u00e7\u00e3o e diagrama\u00e7\u00e3o, impress\u00e3o, lan\u00e7amento e distribui\u00e7\u00e3o de livros em n\u00edvel nacional.<\/p>\n<\/div><\/div><\/div> \n\n<\/div> \n<\/div><\/div><div class=\"ui--shadow ui--shadow-type-7  clearfix\"><img decoding=\"async\" src=\"https:\/\/textocon.com\/wp-content\/themes\/envision\/includes\/modules\/module.shadow\/shadows\/shadow-7.png\" alt=\"shadow\" \/><\/div><\/div><div  class=\"ui--divider ui--animation clearfix ui--divider-solid-line\"><\/div><div  class=\"ui--tagline-box-wrapper ui--animation clearfix\"><div  id=\"tagline-4\" class=\"ui--tagline-box ui-row clearfix ui--tagline-box-custom-color radius-3px\" data-responsive=\"{&quot;css&quot;:{&quot;min-height&quot;:{&quot;phone&quot;:&quot;auto&quot;,&quot;tablet&quot;:&quot;auto&quot;,&quot;widescreen&quot;:&quot;&quot;}}}\"><div  class=\"ui--tagline-background-container ui--tagline-background-overlay radius-3px\"><\/div><div  class=\"ui--tagline-background-container ui--tagline-background-image radius-3px\"><\/div><div  class=\"ui--tagline-content\"><div class=\"ui-row row\">\n <div   class=\"ui-column span9\"><div  class=\"ui--animation-in make--fx--fadein-rtl ui--pass clearfix\" data-fx=\"fx--fadein-rtl\" data-delay=\"550\" data-start-delay=\"0\"><h3 id=\"custom-title-h3-2\" class=\"ui--animation \" style=\"\">Relat\u00f3rios & <em>papers<\/em><\/h3><div  class=\"ui--divider ui--animation clearfix ui--divider-solid-line\"><\/div><div class=\"auto-format ui--animation\"><p>Com base na experi\u00eancia obtida durante a atua\u00e7\u00e3o em grandes empresas e ve\u00edculos de comunica\u00e7\u00e3o do Pa\u00eds, estamos capacitados a produzir textos institucionais, <em>papers<\/em>, informes publicit\u00e1rios e artigos enfocando temas institucionais e conjunturais, para veicula\u00e7\u00f5es interna ou externa.<\/p>\n<p>Pela nossa inser\u00e7\u00e3o na comunica\u00e7\u00e3o corporativa, temos amplo conhecimento sobre o levantamento de informa\u00e7\u00f5es e dados para a produ\u00e7\u00e3o editorial e gr\u00e1fica de relat\u00f3rios anuais de empresas, bem como relat\u00f3rios espec\u00edficos como de sustentabilidade, diversidade social etc.<\/p>\n<p>Devido \u00e0 nossa expertise em consultoria estamos aptos e devidamente capacitados, tamb\u00e9m, para elaborar diagn\u00f3sticos setoriais entregues na forma de relat\u00f3rios, para subsidiar a\u00e7\u00f5es estrat\u00e9gicas na cria\u00e7\u00e3o de novos neg\u00f3cios<\/p>\n<\/div><\/div><\/div> \n\n <div   class=\"ui-column span3\"><div class=\"\"><div class=\"ui--image-wrap clearfix text-center ui--block\"><img decoding=\"async\"  id=\"ui--image-4\" class=\"ui--image ui--animation\" src=\"https:\/\/textocon.com\/wp-content\/uploads\/2015\/06\/papers2-200x201.png\" alt=\"papers2\" title=\"papers2\" data-at2x=\"\" width=\"200\"\/><\/div><\/div><\/div> \n\n<\/div> \n<\/div><\/div><div class=\"ui--shadow ui--shadow-type-7  clearfix\"><img decoding=\"async\" src=\"https:\/\/textocon.com\/wp-content\/themes\/envision\/includes\/modules\/module.shadow\/shadows\/shadow-7.png\" alt=\"shadow\" \/><\/div><\/div>","protected":false},"excerpt":{"rendered":"<p>Consultoria organizacional Estamos capacitados a prestar consultoria em planejamento e execu\u00e7\u00e3o de diagn\u00f3sticos sobre o ambiente interno das organiza\u00e7\u00f5es, com foco em desvios e desconformidades institucionais que impactam seus resultados. Atuamos em parceria com clientes visando a elabora\u00e7\u00e3o do planejamento de a\u00e7\u00f5es espec\u00edficas ancoradas em cultura organizacional como fator de intera\u00e7\u00e3o, buscando a melhoria das [&hellip;]<\/p>\n","protected":false},"author":1,"featured_media":0,"parent":0,"menu_order":0,"comment_status":"open","ping_status":"open","template":"","meta":{"footnotes":""},"class_list":["post-1662","page","type-page","status-publish","hentry"],"_links":{"self":[{"href":"https:\/\/textocon.com\/index.php?rest_route=\/wp\/v2\/pages\/1662","targetHints":{"allow":["GET"]}}],"collection":[{"href":"https:\/\/textocon.com\/index.php?rest_route=\/wp\/v2\/pages"}],"about":[{"href":"https:\/\/textocon.com\/index.php?rest_route=\/wp\/v2\/types\/page"}],"author":[{"embeddable":true,"href":"https:\/\/textocon.com\/index.php?rest_route=\/wp\/v2\/users\/1"}],"replies":[{"embeddable":true,"href":"https:\/\/textocon.com\/index.php?rest_route=%2Fwp%2Fv2%2Fcomments&post=1662"}],"version-history":[{"count":4,"href":"https:\/\/textocon.com\/index.php?rest_route=\/wp\/v2\/pages\/1662\/revisions"}],"predecessor-version":[{"id":2186,"href":"https:\/\/textocon.com\/index.php?rest_route=\/wp\/v2\/pages\/1662\/revisions\/2186"}],"wp:attachment":[{"href":"https:\/\/textocon.com\/index.php?rest_route=%2Fwp%2Fv2%2Fmedia&parent=1662"}],"curies":[{"name":"wp","href":"https:\/\/api.w.org\/{rel}","templated":true}]}}