{"id":1306,"date":"2015-03-24T20:31:45","date_gmt":"2015-03-24T20:31:45","guid":{"rendered":"http:\/\/textocon.com\/wp\/?page_id=1306"},"modified":"2016-01-07T16:02:48","modified_gmt":"2016-01-07T16:02:48","slug":"contato","status":"publish","type":"page","link":"https:\/\/textocon.com\/?page_id=1306","title":{"rendered":"Contato"},"content":{"rendered":"<div class=\"ui-row row\">\n <div   class=\"ui-column span4\"><h3 id=\"custom-title-h3-1\" class=\"ui--animation \" style=\"\">Fale com a Textocon<\/h3><div  class=\"ui--divider ui--animation clearfix ui--divider-dotted-line\"><\/div><div class=\"auto-format ui--animation\"><p><strong>E-mail:<\/strong> textocon@textocon.com<br \/>\n <strong>Tel.:<\/strong> + 55 11 3815.2577<br \/>\n <strong>Twitter.:<\/strong> @Maroni_silvaa<\/p>\n<\/div><div  class=\"ui--divider ui--animation clearfix ui--divider-dotted-line\"><\/div><div class=\"auto-format ui--animation\"><h5>Se preferir utilize o formul\u00e1rio a baixo:<\/h5>\n<p>\n<div class=\"wpcf7 no-js\" id=\"wpcf7-f1655-o1\" lang=\"en-US\" dir=\"ltr\" data-wpcf7-id=\"1655\">\n<div class=\"screen-reader-response\"><p role=\"status\" aria-live=\"polite\" aria-atomic=\"true\"><\/p> <ul><\/ul><\/div>\n<form action=\"\/index.php?rest_route=%2Fwp%2Fv2%2Fpages%2F1306#wpcf7-f1655-o1\" method=\"post\" class=\"wpcf7-form init\" aria-label=\"Contact form\" novalidate=\"novalidate\" data-status=\"init\">\n<fieldset class=\"hidden-fields-container\"><input type=\"hidden\" name=\"_wpcf7\" value=\"1655\" \/><input type=\"hidden\" name=\"_wpcf7_version\" value=\"6.1.5\" \/><input type=\"hidden\" name=\"_wpcf7_locale\" value=\"en_US\" \/><input type=\"hidden\" name=\"_wpcf7_unit_tag\" value=\"wpcf7-f1655-o1\" \/><input type=\"hidden\" name=\"_wpcf7_container_post\" value=\"0\" \/><input type=\"hidden\" name=\"_wpcf7_posted_data_hash\" value=\"\" \/>\n<\/fieldset>\n<p>Nome (obrigat\u00f3rio)\n<\/p>\n<p><span class=\"wpcf7-form-control-wrap\" data-name=\"nome\"><input size=\"40\" maxlength=\"400\" class=\"wpcf7-form-control wpcf7-text wpcf7-validates-as-required\" aria-required=\"true\" aria-invalid=\"false\" value=\"\" type=\"text\" name=\"nome\" \/><\/span>\n<\/p>\n<p>e-mail (obrigat\u00f3rio)\n<\/p>\n<p><span class=\"wpcf7-form-control-wrap\" data-name=\"email\"><input size=\"40\" maxlength=\"400\" class=\"wpcf7-form-control wpcf7-email wpcf7-validates-as-required wpcf7-text wpcf7-validates-as-email\" aria-required=\"true\" aria-invalid=\"false\" value=\"\" type=\"email\" name=\"email\" \/><\/span>\n<\/p>\n<p>Telefone\n<\/p>\n<p><span class=\"wpcf7-form-control-wrap\" data-name=\"telefone\"><input size=\"40\" maxlength=\"400\" class=\"wpcf7-form-control wpcf7-text\" aria-invalid=\"false\" value=\"\" type=\"text\" name=\"telefone\" \/><\/span>\n<\/p>\n<p>Assunto\n<\/p>\n<p><span class=\"wpcf7-form-control-wrap\" data-name=\"assunto\"><input size=\"40\" maxlength=\"400\" class=\"wpcf7-form-control wpcf7-text\" aria-invalid=\"false\" value=\"\" type=\"text\" name=\"assunto\" \/><\/span>\n<\/p>\n<p>Sua mensagem\n<\/p>\n<p><span class=\"wpcf7-form-control-wrap\" data-name=\"mensagem\"><textarea cols=\"40\" rows=\"10\" maxlength=\"2000\" class=\"wpcf7-form-control wpcf7-textarea\" aria-invalid=\"false\" name=\"mensagem\"><\/textarea><\/span>\n<\/p>\n<p><input class=\"wpcf7-form-control wpcf7-submit has-spinner\" type=\"submit\" value=\"Enviar\" \/>\n<\/p><p style=\"display: none !important;\" class=\"akismet-fields-container\" data-prefix=\"_wpcf7_ak_\"><label>&#916;<textarea name=\"_wpcf7_ak_hp_textarea\" cols=\"45\" rows=\"8\" maxlength=\"100\"><\/textarea><\/label><input type=\"hidden\" id=\"ak_js_1\" name=\"_wpcf7_ak_js\" value=\"25\"\/><script>document.getElementById( \"ak_js_1\" ).setAttribute( \"value\", ( new Date() ).getTime() );<\/script><\/p><div class=\"wpcf7-response-output\" aria-hidden=\"true\"><\/div>\n<\/form>\n<\/div>\n<\/p>\n<\/div><\/div> \n\n <div   class=\"ui-column span8\"><div class=\"auto-format ui--animation\"><h5>ENDERE\u00c7O:<\/h5>\n<p>Rua Tucambira, 43 S\u00e3o Paulo, Pinheiros, SP CEP: 05428-020<\/p>\n<p><iframe loading=\"lazy\" src=\"https:\/\/www.google.com\/maps\/embed?pb=!1m18!1m12!1m3!1d3657.126650155312!2d-46.6959052!3d-23.5638944!2m3!1f0!2f0!3f0!3m2!1i1024!2i768!4f13.1!3m3!1m2!1s0x94ce57a43d7f4605%3A0x2b175cee74dfd3b!2sR.+Tucambira%2C+43+-+Pinheiros%2C+S%C3%A3o+Paulo+-+SP!5e0!3m2!1spt-BR!2sbr!4v1430766920986\" width=\"700\" height=\"450\" frameborder=\"0\" style=\"border:0\"><\/iframe><\/p>\n<\/div><\/div> \n\n<\/div> \n","protected":false},"excerpt":{"rendered":"<p>Fale com a TextoconE-mail: textocon@textocon.com Tel.: + 55 11 3815.2577 Twitter.: @Maroni_silvaa Se preferir utilize o formul\u00e1rio a baixo: Nome (obrigat\u00f3rio) e-mail (obrigat\u00f3rio) Telefone Assunto Sua mensagem &#916; ENDERE\u00c7O: Rua Tucambira, 43 S\u00e3o Paulo, Pinheiros, SP CEP: 05428-020<\/p>\n","protected":false},"author":1,"featured_media":0,"parent":0,"menu_order":0,"comment_status":"open","ping_status":"open","template":"","meta":{"footnotes":""},"class_list":["post-1306","page","type-page","status-publish","hentry"],"_links":{"self":[{"href":"https:\/\/textocon.com\/index.php?rest_route=\/wp\/v2\/pages\/1306","targetHints":{"allow":["GET"]}}],"collection":[{"href":"https:\/\/textocon.com\/index.php?rest_route=\/wp\/v2\/pages"}],"about":[{"href":"https:\/\/textocon.com\/index.php?rest_route=\/wp\/v2\/types\/page"}],"author":[{"embeddable":true,"href":"https:\/\/textocon.com\/index.php?rest_route=\/wp\/v2\/users\/1"}],"replies":[{"embeddable":true,"href":"https:\/\/textocon.com\/index.php?rest_route=%2Fwp%2Fv2%2Fcomments&post=1306"}],"version-history":[{"count":2,"href":"https:\/\/textocon.com\/index.php?rest_route=\/wp\/v2\/pages\/1306\/revisions"}],"predecessor-version":[{"id":1682,"href":"https:\/\/textocon.com\/index.php?rest_route=\/wp\/v2\/pages\/1306\/revisions\/1682"}],"wp:attachment":[{"href":"https:\/\/textocon.com\/index.php?rest_route=%2Fwp%2Fv2%2Fmedia&parent=1306"}],"curies":[{"name":"wp","href":"https:\/\/api.w.org\/{rel}","templated":true}]}}