{"id":1296,"date":"2015-03-24T20:22:38","date_gmt":"2015-03-24T20:22:38","guid":{"rendered":"http:\/\/textocon.com\/wp\/?page_id=1296"},"modified":"2022-05-06T15:54:04","modified_gmt":"2022-05-06T15:54:04","slug":"home","status":"publish","type":"page","link":"https:\/\/textocon.com\/","title":{"rendered":"Home"},"content":{"rendered":"<div  class=\"fullwidth-content ui--section clearfix\" style=\"margin-top: -50px;  margin-bottom: 0px;\"><div  class=\"ui--section-content\"><div class=\"container\"><h4 id=\"custom-title-h4-1\" class=\"ui--animation \" style=\"text-align: center; \">Acreditamos que o bom desempenho dos clientes enaltece nossa fun\u00e7\u00e3o como parceiro confi\u00e1vel, compartilhando ideias que agreguem  valor aos seus neg\u00f3cios.<\/h4><\/div><\/div><\/div><!-- \/.fullwidth-container --><div  id=\"section-le6to\" class=\"fullwidth-content ui--section clearfix section-le6to\"><div  class=\"ui--section-content\"><div class=\"container\"><div class=\"ui-row row\">\n <div   class=\"ui-column span4\"><div class=\"ui--box-widget\"><div class=\"ui--block ui--content-item ui--pass ui--animation\"><div  class=\"ui--content-box ui--box ui-row\"><div class=\"ui--content-box-header\"><div class=\"ui--content-box-media effect--fade type--default clearfix\" style=\"padding-bottom: 42.86%;\"><a class=\"ui--content-box-link\" href=\"https:\/\/textocon.com\/?page_id=1298\"><div class=\"ui--content-box-image-default\"><img decoding=\"async\"  class=\"ui--content-box-image\" src=\"https:\/\/textocon.com\/wp-content\/uploads\/2016\/01\/tk140304-1614_extra_large-570x245.jpg\" alt=\"\" title=\"\"\/><\/div><\/a><\/div><a class=\"ui--content-box-link\" href=\"https:\/\/textocon.com\/?page_id=1298\"><div class=\"ui--content-box-title ui--gradient ui--gradient-grey on--hover clearfix text-center\"><h5 class=\"ui--content-box-title-text\">Quem somos<\/h5><\/div><\/a><\/div><\/div><div class=\"ui--shadow ui--shadow-type-1 ui--shadow-abs ui--shadow-reset clearfix\"><img decoding=\"async\" src=\"https:\/\/textocon.com\/wp-content\/themes\/envision\/includes\/modules\/module.shadow\/shadows\/shadow-1.png\" alt=\"shadow\" \/><\/div><\/div><\/div><\/div> \n\n <div   class=\"ui-column span4\"><div class=\"ui--box-widget\"><div class=\"ui--block ui--content-item ui--pass ui--animation\"><div  class=\"ui--content-box ui--box ui-row\"><div class=\"ui--content-box-header\"><div class=\"ui--content-box-media effect--fade type--default clearfix\" style=\"padding-bottom: 42.86%;\"><a class=\"ui--content-box-link\" href=\"https:\/\/textocon.com\/?page_id=1662\"><div class=\"ui--content-box-image-default\"><img decoding=\"async\"  class=\"ui--content-box-image\" src=\"https:\/\/textocon.com\/wp-content\/uploads\/2022\/05\/texto-570x245.jpeg\" alt=\"\" title=\"\"\/><\/div><\/a><\/div><a class=\"ui--content-box-link\" href=\"https:\/\/textocon.com\/?page_id=1662\"><div class=\"ui--content-box-title ui--gradient ui--gradient-grey on--hover clearfix text-center\"><h5 class=\"ui--content-box-title-text\">Portf\u00f3lio<\/h5><\/div><\/a><\/div><\/div><div class=\"ui--shadow ui--shadow-type-1 ui--shadow-abs ui--shadow-reset clearfix\"><img decoding=\"async\" src=\"https:\/\/textocon.com\/wp-content\/themes\/envision\/includes\/modules\/module.shadow\/shadows\/shadow-1.png\" alt=\"shadow\" \/><\/div><\/div><\/div><\/div> \n\n <div   class=\"ui-column span4\"><div class=\"ui--box-widget\"><div class=\"ui--block ui--content-item ui--pass ui--animation\"><div  class=\"ui--content-box ui--box ui-row\"><div class=\"ui--content-box-header\"><div class=\"ui--content-box-media effect--fade type--default clearfix\" style=\"padding-bottom: 42.86%;\"><a class=\"ui--content-box-link\" href=\"https:\/\/textocon.com\/?page_id=1511\"><div class=\"ui--content-box-image-default\"><img decoding=\"async\"  class=\"ui--content-box-image\" src=\"https:\/\/textocon.com\/wp-content\/uploads\/2018\/04\/text3-570x245.jpg\" alt=\"\" title=\"\"\/><\/div><\/a><\/div><a class=\"ui--content-box-link\" href=\"https:\/\/textocon.com\/?page_id=1511\"><div class=\"ui--content-box-title ui--gradient ui--gradient-grey on--hover clearfix text-center\"><h5 class=\"ui--content-box-title-text\">Trabalhos  realizados<\/h5><\/div><\/a><\/div><\/div><div class=\"ui--shadow ui--shadow-type-1 ui--shadow-abs ui--shadow-reset clearfix\"><img decoding=\"async\" src=\"https:\/\/textocon.com\/wp-content\/themes\/envision\/includes\/modules\/module.shadow\/shadows\/shadow-1.png\" alt=\"shadow\" \/><\/div><\/div><\/div><\/div> \n\n<\/div> \n<\/div><\/div><\/div><!-- \/.fullwidth-container --><div  class=\"fullwidth-content ui--section clearfix\"><div  class=\"ui--section-content\"><div class=\"container\"><div id=\"blog-1\" class=\"ui--blog ui--blog-wrapper ui--pass\" data-layout=\"mini\" data-columns=\"4\"><div class=\"ui-row row\">\n <div   class=\"ui-column span3\"><div class=\"ui--blog-item ui--animation ui--accent-gradient-hover-parent clearfix layout--mini\"><div class=\"ui--blog-side ui--blog-date ui--accent-gradient-hover-parent ui--box\"><h3><span class=\"ui--blog-date-day ui--accent-gradient-hover\">24<\/span><\/h3><h6 class=\"ui--blog-date-month ui--gradient ui--gradient-grey\"><span>jul<\/span><\/h6><\/div><div class=\"ui--blog-content-wrapper\"><div class=\"ui--blog-header\"><h5 class=\"ui--blog-title entry-title\"><a class=\"ui--blog-link\" href=\"https:\/\/textocon.com\/?p=2181\">Efici\u00eancia energ\u00e9tica reduz perdas da metalurgia<\/a><\/h5><\/div><div class=\"ui--blog-content\">A massa de informa\u00e7\u00f5es socioecon\u00f4micas veiculada em redes virtuais aponta que o \u201cnovo normal\u201d\r\nser\u00e1 fortemente marcado pela sustentabilidade. Em resposta a esse clamor do planeta, espera-se\r\na racionaliza\u00e7\u00e3o do uso de ...<\/div><div class=\"ui--blog-readmore more-link\"><a class=\"btn btn-small btn-secondary muted\" href=\"https:\/\/textocon.com\/?p=2181\">Leia mais<\/a><\/div><\/div><\/div><\/div> \n\n <div   class=\"ui-column span3\"><div class=\"ui--blog-item ui--animation ui--accent-gradient-hover-parent clearfix layout--mini\"><div class=\"ui--blog-side ui--blog-date ui--accent-gradient-hover-parent ui--box\"><h3><span class=\"ui--blog-date-day ui--accent-gradient-hover\">24<\/span><\/h3><h6 class=\"ui--blog-date-month ui--gradient ui--gradient-grey\"><span>jul<\/span><\/h6><\/div><div class=\"ui--blog-content-wrapper\"><div class=\"ui--blog-header\"><h5 class=\"ui--blog-title entry-title\"><a class=\"ui--blog-link\" href=\"https:\/\/textocon.com\/?p=2177\">Cultura organizacional refor\u00e7a a configura\u00e7\u00e3o digital<\/a><\/h5><\/div><div class=\"ui--blog-content\">For\u00e7adas pela pandemia, muitas empresas entraram de cabe\u00e7a na era digital, sem tempo para\r\navaliar riscos institucionais que podem comprometer o sucesso da transi\u00e7\u00e3o disruptiva. Face a\r\nessa amea\u00e7a, recomenda-se um correto ...<\/div><div class=\"ui--blog-readmore more-link\"><a class=\"btn btn-small btn-secondary muted\" href=\"https:\/\/textocon.com\/?p=2177\">Leia mais<\/a><\/div><\/div><\/div><\/div> \n\n <div   class=\"ui-column span3\"><div class=\"ui--blog-item ui--animation ui--accent-gradient-hover-parent clearfix layout--mini\"><div class=\"ui--blog-side ui--blog-date ui--accent-gradient-hover-parent ui--box\"><h3><span class=\"ui--blog-date-day ui--accent-gradient-hover\">24<\/span><\/h3><h6 class=\"ui--blog-date-month ui--gradient ui--gradient-grey\"><span>jul<\/span><\/h6><\/div><div class=\"ui--blog-content-wrapper\"><div class=\"ui--blog-header\"><h5 class=\"ui--blog-title entry-title\"><a class=\"ui--blog-link\" href=\"https:\/\/textocon.com\/?p=2174\">Vacine seu curr\u00edculo contra turbul\u00eancias no RH<\/a><\/h5><\/div><div class=\"ui--blog-content\">Em tempos de destrui\u00e7\u00e3o criativa, paradigma do s\u00e9culo XXI, navegar nas \u00e1guas turvas do mercado de trabalho demandar\u00e1 mais do que saber t\u00e9cnico. O profissional do futuro ter\u00e1 que demonstrar ...<\/div><div class=\"ui--blog-readmore more-link\"><a class=\"btn btn-small btn-secondary muted\" href=\"https:\/\/textocon.com\/?p=2174\">Leia mais<\/a><\/div><\/div><\/div><\/div> \n\n <div   class=\"ui-column span3\"><div class=\"ui--blog-item ui--animation ui--accent-gradient-hover-parent clearfix layout--mini last-item\"><div class=\"ui--blog-side ui--blog-date ui--accent-gradient-hover-parent ui--box\"><h3><span class=\"ui--blog-date-day ui--accent-gradient-hover\">03<\/span><\/h3><h6 class=\"ui--blog-date-month ui--gradient ui--gradient-grey\"><span>abr<\/span><\/h6><\/div><div class=\"ui--blog-content-wrapper\"><div class=\"ui--blog-header\"><h5 class=\"ui--blog-title entry-title\"><a class=\"ui--blog-link\" href=\"https:\/\/textocon.com\/?p=2169\">Metal\u00fargicas e mineradoras refor\u00e7am re\u00faso de \u00e1gua<\/a><\/h5><\/div><div class=\"ui--blog-content\">Grandes fornecedores de tecnologia est\u00e3o facilitando a ado\u00e7\u00e3o de sistemas inteligentes em empresas minerometal\u00fargicas, para otimizar a gest\u00e3o h\u00eddrica. Algumas ferramentas em opera\u00e7\u00e3o detectam desperd\u00edcio, reduzem o consumo e contribuem ...<\/div><div class=\"ui--blog-readmore more-link\"><a class=\"btn btn-small btn-secondary muted\" href=\"https:\/\/textocon.com\/?p=2169\">Leia mais<\/a><\/div><\/div><\/div><\/div> \n\n<\/div> \n<\/div><\/div><\/div><\/div><!-- \/.fullwidth-container -->","protected":false},"excerpt":{"rendered":"<p>Acreditamos que o bom desempenho dos clientes enaltece nossa fun\u00e7\u00e3o como parceiro confi\u00e1vel, compartilhando ideias que agreguem valor aos seus neg\u00f3cios. Quem somos Portf\u00f3lio Trabalhos realizados 24julEfici\u00eancia energ\u00e9tica reduz perdas da metalurgiaA massa de informa\u00e7\u00f5es socioecon\u00f4micas veiculada em redes virtuais aponta que o \u201cnovo normal\u201d ser\u00e1 fortemente marcado pela sustentabilidade. Em resposta a esse clamor [&hellip;]<\/p>\n","protected":false},"author":1,"featured_media":0,"parent":0,"menu_order":0,"comment_status":"open","ping_status":"open","template":"","meta":{"footnotes":""},"class_list":["post-1296","page","type-page","status-publish","hentry"],"_links":{"self":[{"href":"https:\/\/textocon.com\/index.php?rest_route=\/wp\/v2\/pages\/1296","targetHints":{"allow":["GET"]}}],"collection":[{"href":"https:\/\/textocon.com\/index.php?rest_route=\/wp\/v2\/pages"}],"about":[{"href":"https:\/\/textocon.com\/index.php?rest_route=\/wp\/v2\/types\/page"}],"author":[{"embeddable":true,"href":"https:\/\/textocon.com\/index.php?rest_route=\/wp\/v2\/users\/1"}],"replies":[{"embeddable":true,"href":"https:\/\/textocon.com\/index.php?rest_route=%2Fwp%2Fv2%2Fcomments&post=1296"}],"version-history":[{"count":3,"href":"https:\/\/textocon.com\/index.php?rest_route=\/wp\/v2\/pages\/1296\/revisions"}],"predecessor-version":[{"id":2189,"href":"https:\/\/textocon.com\/index.php?rest_route=\/wp\/v2\/pages\/1296\/revisions\/2189"}],"wp:attachment":[{"href":"https:\/\/textocon.com\/index.php?rest_route=%2Fwp%2Fv2%2Fmedia&parent=1296"}],"curies":[{"name":"wp","href":"https:\/\/api.w.org\/{rel}","templated":true}]}}